{"id":2007,"date":"2026-01-30T20:12:10","date_gmt":"2026-01-30T19:12:10","guid":{"rendered":"https:\/\/guatelligmbh.ch\/informativa-sulla-privacy\/"},"modified":"2026-04-13T14:26:36","modified_gmt":"2026-04-13T12:26:36","slug":"informativa-sulla-privacy","status":"publish","type":"page","link":"https:\/\/guatelligmbh.ch\/it\/informativa-sulla-privacy\/","title":{"rendered":"Informativa sulla privacy"},"content":{"rendered":"<section class=\"bde-section-2007-100 bde-section\">\n  \n  \n\t\n\n\n\n<div class=\"section-container\"><div class=\"bde-rich-text-2007-101 bde-rich-text breakdance-rich-text-styles\">\n<h1>Informativa sulla privacy<\/h1><p>Nella presente informativa sulla privacy vi informiamo sul trattamento dei vostri dati personali.<\/p><p>Se desiderate modificare le vostre impostazioni sulla privacy (fornire o revocare consensi gi\u00e0 concessi), cliccate <a class=\"sp-dsgvo-show-privacy-popup\" href=\"https:\/\/guatelligmbh.ch\/it\/informativa-sulla-privacy\/#\" rel=\"noopener\">qui<\/a> per modificare le vostre impostazioni.<\/p><p>\u00a0<\/p><h2>Titolare del trattamento<\/h2><p>Guatelli Bau und Immobilien GmbH, Arvins 65, 7522 La Punt Chamues-ch, Svizzera, <a href=\"mailto:info@guatelligmbh.ch\">info@guatelligmbh.ch<\/a>, 044 123 45 67<\/p><p>\u00a0<\/p><h2>Diritto di opposizione<\/h2><p>Qualora il trattamento dei vostri dati personali si basi su un interesse legittimo, avete il diritto di opporvi a tale trattamento.<\/p><p>In assenza di motivi legittimi cogenti da parte nostra, il trattamento dei vostri dati basato su questa base giuridica verr\u00e0 interrotto.<\/p><p>Avete inoltre il diritto di opporvi al trattamento dei vostri dati personali per finalit\u00e0 di marketing diretto. In caso di opposizione, i vostri dati personali non saranno pi\u00f9 trattati per tali finalit\u00e0.<\/p><p>La liceit\u00e0 del trattamento effettuato fino al momento dell\u2019opposizione non \u00e8 pregiudicata.<\/p><p>\u00a0<\/p><h2>Diritto di revoca<\/h2><p>Avete il diritto di revocare in qualsiasi momento un consenso gi\u00e0 prestato modificando le <a class=\"lwb-ppsp\" title=\"Impostazioni sulla privacy\" href=\"https:\/\/guatelligmbh.ch\/it\/informativa-sulla-privacy\/#\" rel=\"noopener\">impostazioni sulla privacy<\/a>.<\/p><p>Nel caso di consenso alla ricezione di comunicazioni elettroniche, la revoca pu\u00f2 avvenire cliccando sul link di disiscrizione. In tal caso, il trattamento sar\u00e0 interrotto salvo sussista un\u2019altra base giuridica.<\/p><p>La liceit\u00e0 del trattamento effettuato fino alla revoca non \u00e8 pregiudicata.<\/p><p>\u00a0<\/p><h2>Diritti dell\u2019interessato<\/h2><p>Avete inoltre il diritto di accesso, rettifica, cancellazione e limitazione del trattamento dei dati personali.<\/p><p>Qualora il trattamento dei vostri dati personali si basi sul vostro consenso o su un contratto stipulato con voi, avete inoltre il diritto alla portabilit\u00e0 dei dati.<\/p><p>Avete inoltre il diritto di proporre reclamo all\u2019autorit\u00e0 di controllo. Maggiori informazioni sulle autorit\u00e0 di controllo nell\u2019Unione Europea sono disponibili <a title=\"Autorit\u00e0 per la protezione dei dati\" href=\"https:\/\/ec.europa.eu\/justice\/article-29\/structure\/data-protection-authorities\/index_en.htm\" target=\"_blank\" rel=\"noopener\">qui<\/a>.<\/p><p>\u00a0<\/p><p>\u00a0<\/p><h2>Google Analytics<\/h2><p>Questo sito utilizza <strong>Google Analytics<\/strong>, un servizio di analisi web fornito da <strong>Google LLC<\/strong>.<\/p><p>Google Analytics utilizza cookie che consentono di analizzare l\u2019utilizzo del sito web da parte vostra. Le informazioni generate dai cookie sul vostro utilizzo di questo sito vengono di norma trasmesse a un server di Google negli Stati Uniti e l\u00ec memorizzate.<\/p><p>Utilizziamo Google Analytics esclusivamente con l\u2019anonimizzazione dell\u2019indirizzo IP attivata. In questo modo, il vostro indirizzo IP viene abbreviato da Google all\u2019interno dell\u2019UE o dello SEE prima della trasmissione.<\/p><p>Il trattamento dei vostri dati avviene solo previo vostro esplicito consenso ai sensi dell\u2019art. 6, par. 1, lett. a GDPR tramite il nostro strumento di gestione del consenso. Senza il vostro consenso, Google Analytics non viene caricato n\u00e9 eseguito.<\/p><p>Potete revocare il vostro consenso in qualsiasi momento tramite le impostazioni dei cookie.<\/p><p>Ulteriori informazioni sulla protezione dei dati in Google Analytics sono disponibili all\u2019indirizzo:<br \/><a class=\"decorated-link\" href=\"https:\/\/policies.google.com\/privacy\" target=\"_new\" rel=\"noopener\">https:\/\/policies.google.com\/privacy<\/a><\/p><hr \/><h2>Cookie e gestione del consenso (CookieYes)<\/h2><p>Questo sito utilizza cookie. I cookie sono piccoli file di testo che vengono memorizzati sul vostro dispositivo e salvati dal vostro browser. Alcuni cookie sono tecnicamente necessari, mentre altri servono all\u2019analisi o alla fornitura di contenuti esterni.<\/p><p>Per la gestione dei vostri consensi utilizziamo lo strumento di gestione del consenso <strong>CookieYes<\/strong>. CookieYes vi consente, al primo accesso al nostro sito e in qualsiasi momento successivo tramite le impostazioni dei cookie, di decidere quali categorie di cookie desiderate consentire.<\/p><p>I cookie non tecnicamente necessari e i servizi esterni (ad es. Google Analytics o Google Maps) vengono caricati <strong>solo dopo il vostro consenso attivo<\/strong>.<\/p><p>Il trattamento avviene sulla base dell\u2019art. 6, par. 1, lett. a GDPR. Potete revocare o modificare il vostro consenso in qualsiasi momento.<\/p><hr \/><h2>Trasferimento di dati verso paesi terzi<\/h2><p>L\u2019utilizzo dei servizi Google pu\u00f2 comportare il trasferimento di dati personali negli Stati Uniti. Per gli Stati Uniti non esiste una decisione di adeguatezza da parte dell\u2019UE. Il trasferimento dei dati avviene sulla base delle clausole contrattuali standard della Commissione europea ai sensi dell\u2019art. 46 GDPR.<\/p><p>Nonostante tali misure, non si pu\u00f2 escludere che le autorit\u00e0 statunitensi possano accedere ai dati trasferiti.<\/p>\n<\/div><\/div>\n<\/section>","protected":false},"excerpt":{"rendered":"<p>Informativa sulla privacyNella presente informativa sulla privacy vi informiamo sul trattamento dei vostri dati personali.Se desiderate modificare le vostre impostazioni sulla privacy (fornire o revocare consensi gi\u00e0 concessi), cliccate qui per modificare le vostre impostazioni.\u00a0Titolare del trattamentoGuatelli Bau und Immobilien GmbH, Arvins 65, 7522 La Punt Chamues-ch, Svizzera, info@guatelligmbh.ch, 044 123 45 67\u00a0Diritto di opposizioneQualora [&hellip;]<\/p>\n","protected":false},"author":1,"featured_media":0,"parent":0,"menu_order":0,"comment_status":"closed","ping_status":"closed","template":"","meta":{"_acf_changed":false,"_breakdance_hide_in_design_set":false,"_breakdance_tags":"","footnotes":""},"class_list":["post-2007","page","type-page","status-publish","hentry"],"acf":[],"yoast_head":"<!-- This site is optimized with the Yoast SEO plugin v27.3 - https:\/\/yoast.com\/product\/yoast-seo-wordpress\/ -->\n<title>Informativa sulla privacy - staging.guatelligmbh.ch<\/title>\n<meta name=\"robots\" content=\"index, follow, max-snippet:-1, max-image-preview:large, max-video-preview:-1\" \/>\n<link rel=\"canonical\" href=\"https:\/\/guatelligmbh.ch\/it\/informativa-sulla-privacy\/\" \/>\n<meta property=\"og:locale\" content=\"it_IT\" \/>\n<meta property=\"og:type\" content=\"article\" \/>\n<meta property=\"og:title\" content=\"Informativa sulla privacy - staging.guatelligmbh.ch\" \/>\n<meta property=\"og:description\" content=\"Informativa sulla privacyNella presente informativa sulla privacy vi informiamo sul trattamento dei vostri dati personali.Se desiderate modificare le vostre impostazioni sulla privacy (fornire o revocare consensi gi\u00e0 concessi), cliccate qui per modificare le vostre impostazioni.\u00a0Titolare del trattamentoGuatelli Bau und Immobilien GmbH, Arvins 65, 7522 La Punt Chamues-ch, Svizzera, info@guatelligmbh.ch, 044 123 45 67\u00a0Diritto di opposizioneQualora [&hellip;]\" \/>\n<meta property=\"og:url\" content=\"https:\/\/guatelligmbh.ch\/it\/informativa-sulla-privacy\/\" \/>\n<meta property=\"og:site_name\" content=\"staging.guatelligmbh.ch\" \/>\n<meta property=\"article:modified_time\" content=\"2026-04-13T12:26:36+00:00\" \/>\n<meta name=\"twitter:card\" content=\"summary_large_image\" \/>\n<script type=\"application\/ld+json\" class=\"yoast-schema-graph\">{\"@context\":\"https:\\\/\\\/schema.org\",\"@graph\":[{\"@type\":\"WebPage\",\"@id\":\"https:\\\/\\\/guatelligmbh.ch\\\/it\\\/informativa-sulla-privacy\\\/\",\"url\":\"https:\\\/\\\/guatelligmbh.ch\\\/it\\\/informativa-sulla-privacy\\\/\",\"name\":\"Informativa sulla privacy - staging.guatelligmbh.ch\",\"isPartOf\":{\"@id\":\"https:\\\/\\\/guatelligmbh.ch\\\/it\\\/#website\"},\"datePublished\":\"2026-01-30T19:12:10+00:00\",\"dateModified\":\"2026-04-13T12:26:36+00:00\",\"breadcrumb\":{\"@id\":\"https:\\\/\\\/guatelligmbh.ch\\\/it\\\/informativa-sulla-privacy\\\/#breadcrumb\"},\"inLanguage\":\"it-IT\",\"potentialAction\":[{\"@type\":\"ReadAction\",\"target\":[\"https:\\\/\\\/guatelligmbh.ch\\\/it\\\/informativa-sulla-privacy\\\/\"]}]},{\"@type\":\"BreadcrumbList\",\"@id\":\"https:\\\/\\\/guatelligmbh.ch\\\/it\\\/informativa-sulla-privacy\\\/#breadcrumb\",\"itemListElement\":[{\"@type\":\"ListItem\",\"position\":1,\"name\":\"Home\",\"item\":\"https:\\\/\\\/guatelligmbh.ch\\\/it\\\/\"},{\"@type\":\"ListItem\",\"position\":2,\"name\":\"Informativa sulla privacy\"}]},{\"@type\":\"WebSite\",\"@id\":\"https:\\\/\\\/guatelligmbh.ch\\\/it\\\/#website\",\"url\":\"https:\\\/\\\/guatelligmbh.ch\\\/it\\\/\",\"name\":\"Guatelli Immobilien GmbH\",\"description\":\"Guatelli Immo\",\"potentialAction\":[{\"@type\":\"SearchAction\",\"target\":{\"@type\":\"EntryPoint\",\"urlTemplate\":\"https:\\\/\\\/guatelligmbh.ch\\\/it\\\/?s={search_term_string}\"},\"query-input\":{\"@type\":\"PropertyValueSpecification\",\"valueRequired\":true,\"valueName\":\"search_term_string\"}}],\"inLanguage\":\"it-IT\"}]}<\/script>\n<!-- \/ Yoast SEO plugin. -->","yoast_head_json":{"title":"Informativa sulla privacy - staging.guatelligmbh.ch","robots":{"index":"index","follow":"follow","max-snippet":"max-snippet:-1","max-image-preview":"max-image-preview:large","max-video-preview":"max-video-preview:-1"},"canonical":"https:\/\/guatelligmbh.ch\/it\/informativa-sulla-privacy\/","og_locale":"it_IT","og_type":"article","og_title":"Informativa sulla privacy - staging.guatelligmbh.ch","og_description":"Informativa sulla privacyNella presente informativa sulla privacy vi informiamo sul trattamento dei vostri dati personali.Se desiderate modificare le vostre impostazioni sulla privacy (fornire o revocare consensi gi\u00e0 concessi), cliccate qui per modificare le vostre impostazioni.\u00a0Titolare del trattamentoGuatelli Bau und Immobilien GmbH, Arvins 65, 7522 La Punt Chamues-ch, Svizzera, info@guatelligmbh.ch, 044 123 45 67\u00a0Diritto di opposizioneQualora [&hellip;]","og_url":"https:\/\/guatelligmbh.ch\/it\/informativa-sulla-privacy\/","og_site_name":"staging.guatelligmbh.ch","article_modified_time":"2026-04-13T12:26:36+00:00","twitter_card":"summary_large_image","schema":{"@context":"https:\/\/schema.org","@graph":[{"@type":"WebPage","@id":"https:\/\/guatelligmbh.ch\/it\/informativa-sulla-privacy\/","url":"https:\/\/guatelligmbh.ch\/it\/informativa-sulla-privacy\/","name":"Informativa sulla privacy - staging.guatelligmbh.ch","isPartOf":{"@id":"https:\/\/guatelligmbh.ch\/it\/#website"},"datePublished":"2026-01-30T19:12:10+00:00","dateModified":"2026-04-13T12:26:36+00:00","breadcrumb":{"@id":"https:\/\/guatelligmbh.ch\/it\/informativa-sulla-privacy\/#breadcrumb"},"inLanguage":"it-IT","potentialAction":[{"@type":"ReadAction","target":["https:\/\/guatelligmbh.ch\/it\/informativa-sulla-privacy\/"]}]},{"@type":"BreadcrumbList","@id":"https:\/\/guatelligmbh.ch\/it\/informativa-sulla-privacy\/#breadcrumb","itemListElement":[{"@type":"ListItem","position":1,"name":"Home","item":"https:\/\/guatelligmbh.ch\/it\/"},{"@type":"ListItem","position":2,"name":"Informativa sulla privacy"}]},{"@type":"WebSite","@id":"https:\/\/guatelligmbh.ch\/it\/#website","url":"https:\/\/guatelligmbh.ch\/it\/","name":"Guatelli Immobilien GmbH","description":"Guatelli Immo","potentialAction":[{"@type":"SearchAction","target":{"@type":"EntryPoint","urlTemplate":"https:\/\/guatelligmbh.ch\/it\/?s={search_term_string}"},"query-input":{"@type":"PropertyValueSpecification","valueRequired":true,"valueName":"search_term_string"}}],"inLanguage":"it-IT"}]}},"_links":{"self":[{"href":"https:\/\/guatelligmbh.ch\/it\/wp-json\/wp\/v2\/pages\/2007","targetHints":{"allow":["GET"]}}],"collection":[{"href":"https:\/\/guatelligmbh.ch\/it\/wp-json\/wp\/v2\/pages"}],"about":[{"href":"https:\/\/guatelligmbh.ch\/it\/wp-json\/wp\/v2\/types\/page"}],"author":[{"embeddable":true,"href":"https:\/\/guatelligmbh.ch\/it\/wp-json\/wp\/v2\/users\/1"}],"replies":[{"embeddable":true,"href":"https:\/\/guatelligmbh.ch\/it\/wp-json\/wp\/v2\/comments?post=2007"}],"version-history":[{"count":3,"href":"https:\/\/guatelligmbh.ch\/it\/wp-json\/wp\/v2\/pages\/2007\/revisions"}],"predecessor-version":[{"id":2034,"href":"https:\/\/guatelligmbh.ch\/it\/wp-json\/wp\/v2\/pages\/2007\/revisions\/2034"}],"wp:attachment":[{"href":"https:\/\/guatelligmbh.ch\/it\/wp-json\/wp\/v2\/media?parent=2007"}],"curies":[{"name":"wp","href":"https:\/\/api.w.org\/{rel}","templated":true}]}}